{"id":39,"date":"2025-07-15T09:25:40","date_gmt":"2025-07-15T07:25:40","guid":{"rendered":"https:\/\/certyfikacja.edu.pl\/?page_id=39"},"modified":"2025-07-29T13:24:32","modified_gmt":"2025-07-29T11:24:32","slug":"front_page","status":"publish","type":"page","link":"https:\/\/certyfikacja.edu.pl\/","title":{"rendered":"Home"},"content":{"rendered":"\n\n\n\n\n\n\n\n\n\n\n\n\n\n\n\n\n\n\n\n","protected":false},"excerpt":{"rendered":"","protected":false},"author":1,"featured_media":0,"parent":0,"menu_order":0,"comment_status":"closed","ping_status":"closed","template":"","meta":{"saved_in_kubio":true,"footnotes":""},"class_list":["post-39","page","type-page","status-publish","hentry"],"kubio_ai_page_context":{"short_desc":"","purpose":"general"},"yoast_head":"<!-- This site is optimized with the Yoast SEO plugin v25.5 - https:\/\/yoast.com\/wordpress\/plugins\/seo\/ -->\n<title>Home - Instytut Rozwoju Edukacji Zawodowej Sp. z o.o.<\/title>\n<meta name=\"robots\" content=\"index, follow, max-snippet:-1, max-image-preview:large, max-video-preview:-1\" \/>\n<link rel=\"canonical\" href=\"https:\/\/certyfikacja.edu.pl\/\" \/>\n<meta property=\"og:locale\" content=\"en_US\" \/>\n<meta property=\"og:type\" content=\"article\" \/>\n<meta property=\"og:title\" content=\"Home - Instytut Rozwoju Edukacji Zawodowej Sp. z o.o.\" \/>\n<meta property=\"og:url\" content=\"https:\/\/certyfikacja.edu.pl\/\" \/>\n<meta property=\"og:site_name\" content=\"Instytut Rozwoju Edukacji Zawodowej Sp. z o.o.\" \/>\n<meta property=\"article:modified_time\" content=\"2025-07-29T11:24:32+00:00\" \/>\n<meta property=\"og:image\" content=\"https:\/\/s.w.org\/images\/core\/emoji\/16.0.1\/svg\/2705.svg\" \/>\n<meta name=\"twitter:card\" content=\"summary_large_image\" \/>\n<meta name=\"twitter:label1\" content=\"Est. reading time\" \/>\n\t<meta name=\"twitter:data1\" content=\"5 minutes\" \/>\n<script type=\"application\/ld+json\" class=\"yoast-schema-graph\">{\"@context\":\"https:\/\/schema.org\",\"@graph\":[{\"@type\":\"WebPage\",\"@id\":\"https:\/\/certyfikacja.edu.pl\/\",\"url\":\"https:\/\/certyfikacja.edu.pl\/\",\"name\":\"Home - Instytut Rozwoju Edukacji Zawodowej Sp. z o.o.\",\"isPartOf\":{\"@id\":\"https:\/\/certyfikacja.edu.pl\/#website\"},\"primaryImageOfPage\":{\"@id\":\"https:\/\/certyfikacja.edu.pl\/#primaryimage\"},\"image\":{\"@id\":\"https:\/\/certyfikacja.edu.pl\/#primaryimage\"},\"thumbnailUrl\":\"https:\/\/s.w.org\/images\/core\/emoji\/16.0.1\/svg\/2705.svg\",\"datePublished\":\"2025-07-15T07:25:40+00:00\",\"dateModified\":\"2025-07-29T11:24:32+00:00\",\"breadcrumb\":{\"@id\":\"https:\/\/certyfikacja.edu.pl\/#breadcrumb\"},\"inLanguage\":\"en-US\",\"potentialAction\":[{\"@type\":\"ReadAction\",\"target\":[\"https:\/\/certyfikacja.edu.pl\/\"]}]},{\"@type\":\"ImageObject\",\"inLanguage\":\"en-US\",\"@id\":\"https:\/\/certyfikacja.edu.pl\/#primaryimage\",\"url\":\"https:\/\/s.w.org\/images\/core\/emoji\/16.0.1\/svg\/2705.svg\",\"contentUrl\":\"https:\/\/s.w.org\/images\/core\/emoji\/16.0.1\/svg\/2705.svg\"},{\"@type\":\"BreadcrumbList\",\"@id\":\"https:\/\/certyfikacja.edu.pl\/#breadcrumb\",\"itemListElement\":[{\"@type\":\"ListItem\",\"position\":1,\"name\":\"Home\",\"item\":\"https:\/\/certyfikacja.edu.pl\/\"},{\"@type\":\"ListItem\",\"position\":2,\"name\":\"Home\"}]},{\"@type\":\"WebSite\",\"@id\":\"https:\/\/certyfikacja.edu.pl\/#website\",\"url\":\"https:\/\/certyfikacja.edu.pl\/\",\"name\":\"Instytut Rozwoju Edukacji Zawodowej Sp. z o.o.\",\"description\":\"Profesjonalizm, kt\u00f3ry buduje Twoj\u0105 karier\u0119!\",\"publisher\":{\"@id\":\"https:\/\/certyfikacja.edu.pl\/#organization\"},\"potentialAction\":[{\"@type\":\"SearchAction\",\"target\":{\"@type\":\"EntryPoint\",\"urlTemplate\":\"https:\/\/certyfikacja.edu.pl\/?s={search_term_string}\"},\"query-input\":{\"@type\":\"PropertyValueSpecification\",\"valueRequired\":true,\"valueName\":\"search_term_string\"}}],\"inLanguage\":\"en-US\"},{\"@type\":\"Organization\",\"@id\":\"https:\/\/certyfikacja.edu.pl\/#organization\",\"name\":\"Instytut Rozwoju Edukacji Zawodowej Sp. z o.o.\",\"url\":\"https:\/\/certyfikacja.edu.pl\/\",\"logo\":{\"@type\":\"ImageObject\",\"inLanguage\":\"en-US\",\"@id\":\"https:\/\/certyfikacja.edu.pl\/#\/schema\/logo\/image\/\",\"url\":\"https:\/\/certyfikacja.edu.pl\/wp-content\/uploads\/2025\/07\/cropped-czarny.png\",\"contentUrl\":\"https:\/\/certyfikacja.edu.pl\/wp-content\/uploads\/2025\/07\/cropped-czarny.png\",\"width\":1429,\"height\":429,\"caption\":\"Instytut Rozwoju Edukacji Zawodowej Sp. z o.o.\"},\"image\":{\"@id\":\"https:\/\/certyfikacja.edu.pl\/#\/schema\/logo\/image\/\"}}]}<\/script>\n<!-- \/ Yoast SEO plugin. -->","yoast_head_json":{"title":"Home - Instytut Rozwoju Edukacji Zawodowej Sp. z o.o.","robots":{"index":"index","follow":"follow","max-snippet":"max-snippet:-1","max-image-preview":"max-image-preview:large","max-video-preview":"max-video-preview:-1"},"canonical":"https:\/\/certyfikacja.edu.pl\/","og_locale":"en_US","og_type":"article","og_title":"Home - Instytut Rozwoju Edukacji Zawodowej Sp. z o.o.","og_url":"https:\/\/certyfikacja.edu.pl\/","og_site_name":"Instytut Rozwoju Edukacji Zawodowej Sp. z o.o.","article_modified_time":"2025-07-29T11:24:32+00:00","og_image":[{"url":"https:\/\/s.w.org\/images\/core\/emoji\/16.0.1\/svg\/2705.svg","type":"","width":"","height":""}],"twitter_card":"summary_large_image","twitter_misc":{"Est. reading time":"5 minutes"},"schema":{"@context":"https:\/\/schema.org","@graph":[{"@type":"WebPage","@id":"https:\/\/certyfikacja.edu.pl\/","url":"https:\/\/certyfikacja.edu.pl\/","name":"Home - Instytut Rozwoju Edukacji Zawodowej Sp. z o.o.","isPartOf":{"@id":"https:\/\/certyfikacja.edu.pl\/#website"},"primaryImageOfPage":{"@id":"https:\/\/certyfikacja.edu.pl\/#primaryimage"},"image":{"@id":"https:\/\/certyfikacja.edu.pl\/#primaryimage"},"thumbnailUrl":"https:\/\/s.w.org\/images\/core\/emoji\/16.0.1\/svg\/2705.svg","datePublished":"2025-07-15T07:25:40+00:00","dateModified":"2025-07-29T11:24:32+00:00","breadcrumb":{"@id":"https:\/\/certyfikacja.edu.pl\/#breadcrumb"},"inLanguage":"en-US","potentialAction":[{"@type":"ReadAction","target":["https:\/\/certyfikacja.edu.pl\/"]}]},{"@type":"ImageObject","inLanguage":"en-US","@id":"https:\/\/certyfikacja.edu.pl\/#primaryimage","url":"https:\/\/s.w.org\/images\/core\/emoji\/16.0.1\/svg\/2705.svg","contentUrl":"https:\/\/s.w.org\/images\/core\/emoji\/16.0.1\/svg\/2705.svg"},{"@type":"BreadcrumbList","@id":"https:\/\/certyfikacja.edu.pl\/#breadcrumb","itemListElement":[{"@type":"ListItem","position":1,"name":"Home","item":"https:\/\/certyfikacja.edu.pl\/"},{"@type":"ListItem","position":2,"name":"Home"}]},{"@type":"WebSite","@id":"https:\/\/certyfikacja.edu.pl\/#website","url":"https:\/\/certyfikacja.edu.pl\/","name":"Instytut Rozwoju Edukacji Zawodowej Sp. z o.o.","description":"Profesjonalizm, kt\u00f3ry buduje Twoj\u0105 karier\u0119!","publisher":{"@id":"https:\/\/certyfikacja.edu.pl\/#organization"},"potentialAction":[{"@type":"SearchAction","target":{"@type":"EntryPoint","urlTemplate":"https:\/\/certyfikacja.edu.pl\/?s={search_term_string}"},"query-input":{"@type":"PropertyValueSpecification","valueRequired":true,"valueName":"search_term_string"}}],"inLanguage":"en-US"},{"@type":"Organization","@id":"https:\/\/certyfikacja.edu.pl\/#organization","name":"Instytut Rozwoju Edukacji Zawodowej Sp. z o.o.","url":"https:\/\/certyfikacja.edu.pl\/","logo":{"@type":"ImageObject","inLanguage":"en-US","@id":"https:\/\/certyfikacja.edu.pl\/#\/schema\/logo\/image\/","url":"https:\/\/certyfikacja.edu.pl\/wp-content\/uploads\/2025\/07\/cropped-czarny.png","contentUrl":"https:\/\/certyfikacja.edu.pl\/wp-content\/uploads\/2025\/07\/cropped-czarny.png","width":1429,"height":429,"caption":"Instytut Rozwoju Edukacji Zawodowej Sp. z o.o."},"image":{"@id":"https:\/\/certyfikacja.edu.pl\/#\/schema\/logo\/image\/"}}]}},"_links":{"self":[{"href":"https:\/\/certyfikacja.edu.pl\/index.php?rest_route=\/wp\/v2\/pages\/39","targetHints":{"allow":["GET"]}}],"collection":[{"href":"https:\/\/certyfikacja.edu.pl\/index.php?rest_route=\/wp\/v2\/pages"}],"about":[{"href":"https:\/\/certyfikacja.edu.pl\/index.php?rest_route=\/wp\/v2\/types\/page"}],"author":[{"embeddable":true,"href":"https:\/\/certyfikacja.edu.pl\/index.php?rest_route=\/wp\/v2\/users\/1"}],"replies":[{"embeddable":true,"href":"https:\/\/certyfikacja.edu.pl\/index.php?rest_route=%2Fwp%2Fv2%2Fcomments&post=39"}],"version-history":[{"count":7,"href":"https:\/\/certyfikacja.edu.pl\/index.php?rest_route=\/wp\/v2\/pages\/39\/revisions"}],"predecessor-version":[{"id":125,"href":"https:\/\/certyfikacja.edu.pl\/index.php?rest_route=\/wp\/v2\/pages\/39\/revisions\/125"}],"wp:attachment":[{"href":"https:\/\/certyfikacja.edu.pl\/index.php?rest_route=%2Fwp%2Fv2%2Fmedia&parent=39"}],"curies":[{"name":"wp","href":"https:\/\/api.w.org\/{rel}","templated":true}]}}